{"id":87,"date":"2020-10-06T11:30:08","date_gmt":"2020-10-06T11:30:08","guid":{"rendered":"https:\/\/mographix.de\/?post_type=product&#038;p=87"},"modified":"2020-10-06T16:22:17","modified_gmt":"2020-10-06T16:22:17","slug":"fernoestlicher-kirschbluetentee","status":"publish","type":"product","link":"https:\/\/mographix.de\/?product=fernoestlicher-kirschbluetentee","title":{"rendered":"CBD Oil 2% myCBD"},"content":{"rendered":"<p>Dieser Kirschbl\u00fctentee nimmt dich mit auf eine Reise durch die vielschichtigen Geheimnisse fern\u00f6stlicher Geschichten.<br \/>\nUm vollst\u00e4ndig in diese besondere Erfahrung einzutauchen, versenden wir zus\u00e4tzlich zu dem Tee ein B\u00fcchlein mit einer Anleitung zur Teezeremonie an all unsere Neukunden.<\/p>\n<p>&nbsp;<\/p>\n<ul>\n<li>Kirschbl\u00fcten Tee<\/li>\n<li>Herstellungsland: Japan<\/li>\n<li>Anleitung zur Teezeremonie<\/li>\n<\/ul>\n","protected":false},"excerpt":{"rendered":"<p>Dieser Kirschbl\u00fctentee nimmt dich mit auf eine Reise durch die vielschichtigen Geheimnisse fern\u00f6stlicher Geschichten.<br \/>\nUm vollst\u00e4ndig in diese besondere Erfahrung einzutauchen, versenden wir zus\u00e4tzlich zu dem Tee ein B\u00fcchlein mit einer Anleitung zur Teezeremonie an all unsere Neukunden.<\/p>\n<p>&nbsp;<\/p>\n<ul>\n<li>Kirschbl\u00fcten Tee<\/li>\n<li>Herstellungsland: Japan<\/li>\n<li>Anleitung zur Teezeremonie<\/li>\n<\/ul>\n","protected":false},"featured_media":61,"comment_status":"open","ping_status":"closed","template":"","meta":{"spay_email":""},"_links":{"self":[{"href":"https:\/\/mographix.de\/index.php?rest_route=\/wp\/v2\/product\/87"}],"collection":[{"href":"https:\/\/mographix.de\/index.php?rest_route=\/wp\/v2\/product"}],"about":[{"href":"https:\/\/mographix.de\/index.php?rest_route=\/wp\/v2\/types\/product"}],"replies":[{"embeddable":true,"href":"https:\/\/mographix.de\/index.php?rest_route=%2Fwp%2Fv2%2Fcomments&post=87"}],"wp:featuredmedia":[{"embeddable":true,"href":"https:\/\/mographix.de\/index.php?rest_route=\/wp\/v2\/media\/61"}],"wp:attachment":[{"href":"https:\/\/mographix.de\/index.php?rest_route=%2Fwp%2Fv2%2Fmedia&parent=87"}],"curies":[{"name":"wp","href":"https:\/\/api.w.org\/{rel}","templated":true}]}}