{"id":89,"date":"2020-10-06T11:31:51","date_gmt":"2020-10-06T11:31:51","guid":{"rendered":"https:\/\/mographix.de\/?page_id=89"},"modified":"2020-10-06T11:53:56","modified_gmt":"2020-10-06T11:53:56","slug":"homepage","status":"publish","type":"page","link":"https:\/\/mographix.de\/?page_id=89","title":{"rendered":"Shop-Seite"},"content":{"rendered":"\n<div class=\"wp-block-cover\" style=\"background-image:url(https:\/\/mographix.de\/wp-content\/uploads\/2020\/10\/other-small.jpg)\"><div class=\"wp-block-cover__inner-container\">\n<p class=\"has-text-align-center has-white-color has-text-color has-large-font-size\">Der Teeladen<\/p>\n\n\n\n<p class=\"has-text-align-center has-white-color has-text-color\">Tee aus aller Welt<\/p>\n\n\n\n<div class=\"wp-block-button aligncenter\"><a class=\"wp-block-button__link\" href=\"https:\/\/mographix.de\/?page_id=83\">Einkaufen gehen<\/a><\/div>\n<\/div><\/div>\n\n\n\n<h2 class=\"has-text-align-center\">Neueste Produkte<\/h2>\n\n\n<div class=\"wc-block-grid wp-block-product-new wc-block-product-new has-3-columns has-multiple-rows\"><ul class=\"wc-block-grid__products\"><li class=\"wc-block-grid__product\">\n\t\t\t\t<a href=\"https:\/\/mographix.de\/?product=fernoestlicher-kirschbluetentee\" class=\"wc-block-grid__product-link\">\n\t\t\t\t\t<div class=\"wc-block-grid__product-image\"><img width=\"300\" height=\"300\" src=\"https:\/\/mographix.de\/wp-content\/uploads\/2020\/10\/Produktbild-2-300x300.png\" class=\"attachment-woocommerce_thumbnail size-woocommerce_thumbnail\" alt=\"\" decoding=\"async\" loading=\"lazy\" srcset=\"https:\/\/mographix.de\/wp-content\/uploads\/2020\/10\/Produktbild-2-300x300.png 300w, https:\/\/mographix.de\/wp-content\/uploads\/2020\/10\/Produktbild-2-150x150.png 150w, https:\/\/mographix.de\/wp-content\/uploads\/2020\/10\/Produktbild-2-100x100.png 100w\" sizes=\"(max-width: 300px) 100vw, 300px\" \/><\/div>\n\t\t\t\t\t<div class=\"wc-block-grid__product-title\">CBD Oil 2% myCBD<\/div>\n\t\t\t\t<\/a>\n\t\t\t\t\n\t\t\t\t<div class=\"wc-block-grid__product-price price\"><span class=\"woocommerce-Price-amount amount\"><bdi><span class=\"woocommerce-Price-currencySymbol\">&euro;<\/span>5,00<\/bdi><\/span><\/div>\n\t\t\t\t\n\t\t\t\t<div class=\"wp-block-button wc-block-grid__product-add-to-cart\"><a href=\"?add-to-cart=87\" aria-label=\"\u201eCBD Oil 2% myCBD\u201c zu deinem Warenkorb hinzuf\u00fcgen\" data-quantity=\"1\" data-product_id=\"87\" data-product_sku=\"\" rel=\"nofollow\" class=\"wp-block-button__link add_to_cart_button ajax_add_to_cart\">In den Warenkorb<\/a><\/div>\n\t\t\t<\/li><\/ul><\/div>\n\n\n<div class=\"wp-block-media-text alignwide has-media-on-the-right\"><figure class=\"wp-block-media-text__media\"><img decoding=\"async\" loading=\"lazy\" width=\"1920\" height=\"1280\" src=\"https:\/\/mographix.de\/wp-content\/uploads\/2020\/10\/other-small.jpg\" alt=\"\" class=\"wp-image-90\" srcset=\"https:\/\/mographix.de\/wp-content\/uploads\/2020\/10\/other-small.jpg 1920w, https:\/\/mographix.de\/wp-content\/uploads\/2020\/10\/other-small-300x200.jpg 300w, https:\/\/mographix.de\/wp-content\/uploads\/2020\/10\/other-small-1024x683.jpg 1024w, https:\/\/mographix.de\/wp-content\/uploads\/2020\/10\/other-small-768x512.jpg 768w, https:\/\/mographix.de\/wp-content\/uploads\/2020\/10\/other-small-1536x1024.jpg 1536w, https:\/\/mographix.de\/wp-content\/uploads\/2020\/10\/other-small-600x400.jpg 600w\" sizes=\"(max-width: 1920px) 100vw, 1920px\" \/><\/figure><div class=\"wp-block-media-text__content\">\n<p class=\"has-large-font-size\"><\/p>\n<\/div><\/div>\n\n\n<div class=\"wc-block-featured-product alignnone has-background-dim\" style=\"background-image:url(https:\/\/mographix.de\/wp-content\/uploads\/2020\/10\/Produktbild-2.png);min-height:500px;\"><h2 class=\"wc-block-featured-product__title\">CBD Oil 2% myCBD<\/h2><div class=\"wc-block-featured-product__description\"><p>Dieser Kirschbl\u00fctentee nimmt dich mit auf eine Reise durch die vielschichtigen Geheimnisse fern\u00f6stlicher Geschichten.<br \/>\nUm vollst\u00e4ndig in diese besondere Erfahrung einzutauchen, versenden wir zus\u00e4tzlich zu dem Tee ein B\u00fcchlein mit einer Anleitung zur Teezeremonie an all unsere Neukunden.<\/p>\n<p>&nbsp;<\/p>\n<ul>\n<li>Kirschbl\u00fcten Tee<\/li>\n<li>Herstellungsland: Japan<\/li>\n<li>Anleitung zur Teezeremonie<\/li>\n<\/ul>\n<\/div><div class=\"wc-block-featured-product__price\"><span class=\"woocommerce-Price-amount amount\"><bdi><span class=\"woocommerce-Price-currencySymbol\">&euro;<\/span>5,00<\/bdi><\/span><\/div><div class=\"wc-block-featured-product__link\">\n\n<div class=\"wp-block-button aligncenter\"><a class=\"wp-block-button__link\" href=\"https:\/\/mographix.de\/?product=fernoestlicher-kirschbluetentee\">Jetzt einkaufen<\/a><\/div>\n\n<\/div><\/div>","protected":false},"excerpt":{"rendered":"<p>Neueste Produkte<\/p>\n","protected":false},"author":1,"featured_media":0,"parent":0,"menu_order":0,"comment_status":"closed","ping_status":"closed","template":"","meta":{"spay_email":""},"_links":{"self":[{"href":"https:\/\/mographix.de\/index.php?rest_route=\/wp\/v2\/pages\/89"}],"collection":[{"href":"https:\/\/mographix.de\/index.php?rest_route=\/wp\/v2\/pages"}],"about":[{"href":"https:\/\/mographix.de\/index.php?rest_route=\/wp\/v2\/types\/page"}],"author":[{"embeddable":true,"href":"https:\/\/mographix.de\/index.php?rest_route=\/wp\/v2\/users\/1"}],"replies":[{"embeddable":true,"href":"https:\/\/mographix.de\/index.php?rest_route=%2Fwp%2Fv2%2Fcomments&post=89"}],"version-history":[{"count":4,"href":"https:\/\/mographix.de\/index.php?rest_route=\/wp\/v2\/pages\/89\/revisions"}],"predecessor-version":[{"id":100,"href":"https:\/\/mographix.de\/index.php?rest_route=\/wp\/v2\/pages\/89\/revisions\/100"}],"wp:attachment":[{"href":"https:\/\/mographix.de\/index.php?rest_route=%2Fwp%2Fv2%2Fmedia&parent=89"}],"curies":[{"name":"wp","href":"https:\/\/api.w.org\/{rel}","templated":true}]}}